{"id":1299,"date":"2024-01-12T11:03:26","date_gmt":"2024-01-12T11:03:26","guid":{"rendered":"https:\/\/maxtoweb.com.tr\/?page_id=1299"},"modified":"2024-01-12T11:43:49","modified_gmt":"2024-01-12T11:43:49","slug":"sistemlerimiz","status":"publish","type":"page","link":"https:\/\/maxtoweb.com.tr\/?page_id=1299","title":{"rendered":"Neden biz&#8230;"},"content":{"rendered":"\t\t<div data-elementor-type=\"wp-page\" data-elementor-id=\"1299\" class=\"elementor elementor-1299\">\n\t\t\t\t<div class=\"elementor-element elementor-element-a81ac4b e-flex e-con-boxed e-con e-parent\" data-id=\"a81ac4b\" data-element_type=\"container\" data-e-type=\"container\">\n\t\t\t\t\t<div class=\"e-con-inner\">\n\t\t<div class=\"elementor-element elementor-element-9139138 e-con-full e-flex e-con e-child\" data-id=\"9139138\" data-element_type=\"container\" data-e-type=\"container\">\n\t\t\t\t<div class=\"elementor-element elementor-element-3559702 elementor-widget elementor-widget-text-editor\" data-id=\"3559702\" data-element_type=\"widget\" data-e-type=\"widget\" data-widget_type=\"text-editor.default\">\n\t\t\t\t<div class=\"elementor-widget-container\">\n\t\t\t\t\t\t\t\t\t<p>\u00a0 \u00a0 \u00a0Maxtoweb olarak \u015fu an g\u00fcncel en iyi sistem olan WORDPRESS ve WOOCOMMERCE sistemiyle siz m\u00fc\u015fterilerimize hizmetimizi sunmaktay\u0131z.<br \/>\u00a0 \u00a0 \u00a0Her ne kadar sistemi beceremeyenler taraf\u0131ndan k\u00f6t\u00fclensede,basit olarak sunulsada \u015fu an i\u00e7in en pahal\u0131,en reklaml\u0131 sistemler dahil d\u00fcnyada kullanabilecek en iyi sistemdir.<br \/>\u00a0 \u00a0 \u00a0Binlerce \u00fccretsiz,\u00fccretli eklenti ile akl\u0131n\u0131za gelebilecek her \u015feyi yapabilmeniz m\u00fcmk\u00fcnd\u00fcr.<br \/>\u00a0 \u00a0 \u00a0 Piyasada 20-30 bin Tl. ile ba\u015flang\u0131\u00e7 yapaca\u011f\u0131n\u0131z ve her ay yaz\u0131l\u0131m deste\u011fi gerekince yine 20-30 bin Liralar \u00f6deyece\u011finiz sistemlerden,10 sene \u00f6ncenin sistemlerini \u015fu an ba\u015flang\u0131c\u0131 ve her y\u0131l yenilemesi 20-50 bin lira ile satarken \u00a0Woocommerce sistemine ge\u00e7meye \u00e7al\u0131\u015fan firmalardan,sistemleri 4-5 sene \u00f6nce tepedeyken b\u0131rak\u0131lan ve yeni PHP versiyonlar\u0131na uydurulmaya \u00e7al\u0131\u015f\u0131lan sistemlerine kadar vb&#8230; bo\u015funa masraf ve emek harcamay\u0131n.Yapt\u0131\u011f\u0131m\u0131z sayfalardan etki g\u00f6r\u00fcp pahal\u0131 firmalara ge\u00e7en ve sonras\u0131nda hi\u00e7 bir faydas\u0131n\u0131 g\u00f6rmeyip tekrar bize ge\u00e7meye \u00e7al\u0131\u015fan 3-5 an\u0131m\u0131z vard\u0131r&#8230;(Ticarette ba\u015fka firmalar\u0131 k\u00f6t\u00fcleyerek sat\u0131\u015f yapma prensiplerimize ters gelsede konuyu a\u00e7\u0131klamak i\u00e7in yazmak zorunda kald\u0131k.\u00c7ok ba\u015far\u0131l\u0131 ,\u00e7ok say\u0131l\u0131 sayfalarda \u00e7oktur)<br \/>\u00a0 \u00a0 \u00a0Piyasada y\u00fckl\u00fc fiattan sistem al\u0131p kullanamayan 1-2 y\u0131l sonra sayfas\u0131n\u0131 kapatan veya sayfam\u0131z kals\u0131n diyerek kullanmadan her y\u0131l y\u00fckl\u00fc paralar \u00f6deyen \u00e7ok firma var.<br \/>\u00a0 \u00a0 \u00a0Sistemlerimiz sayfam\u0131zda g\u00f6rece\u011finiz \u00f6zelliklerimiz d\u0131\u015f\u0131nda akl\u0131n\u0131za gelen baz\u0131 konular\u0131da bize yaz\u0131n ara\u015ft\u0131r\u0131p sonucunda \u00f6nerimizi sunabiliriz.\u00a0<br \/>\u00a0 \u00a0 Sistemlerimizde ba\u015flang\u0131\u00e7 \u00fccreti ve y\u0131ll\u0131k 50 Dolar civar\u0131nda yenileme \u00fccreti d\u0131\u015f\u0131nda \u00f6demeleriniz olmayacakt\u0131r.Yaln\u0131z \u00fccretli eklenti isterseniz (fiyat\u0131 bellidir) ve firmam\u0131zca uzman deste\u011fi isterseniz bunun i\u00e7in g\u00f6r\u00fc\u015f\u00fcr\u00fcz.<br \/>Ba\u015fka masraf\u0131n\u0131z olmayacak dedikte i\u015fleriniz \u00e7ok \u00e7ok y\u00fckselirse g\u00fcnl\u00fck 100-200 bin izleyici ve fazlas\u0131 1000-2000 veya 1-2 milyon paket a\u015famas\u0131na geldi\u011finizde ayl\u0131k 50-150 dolar \u00f6demeli sunucu veya \u00e7ok daha b\u00fcy\u00fck i\u015flem kapasitelerde kendi sunucu kurman\u0131z gerekebilir.Bu say\u0131lardada severek \u00f6deyece\u011finizi biliyoruz.<\/p>\t\t\t\t\t\t\t\t<\/div>\n\t\t\t\t<\/div>\n\t\t\t\t<\/div>\n\t\t<div class=\"elementor-element elementor-element-f8dff18 e-con-full e-flex e-con e-child\" data-id=\"f8dff18\" data-element_type=\"container\" data-e-type=\"container\">\n\t\t\t\t<div class=\"elementor-element elementor-element-1c63aac elementor-widget elementor-widget-image\" data-id=\"1c63aac\" data-element_type=\"widget\" data-e-type=\"widget\" data-widget_type=\"image.default\">\n\t\t\t\t<div class=\"elementor-widget-container\">\n\t\t\t\t\t\t\t\t\t\t\t\t\t\t\t<img fetchpriority=\"high\" decoding=\"async\" width=\"1024\" height=\"576\" src=\"https:\/\/maxtoweb.com.tr\/wp-content\/uploads\/2024\/01\/2021-03-15_eCommerceCOVID19report-1-1220x675px-1024x576.jpg\" class=\"attachment-large size-large wp-image-1320\" alt=\"\" srcset=\"https:\/\/maxtoweb.com.tr\/wp-content\/uploads\/2024\/01\/2021-03-15_eCommerceCOVID19report-1-1220x675px-1024x576.jpg 1024w, https:\/\/maxtoweb.com.tr\/wp-content\/uploads\/2024\/01\/2021-03-15_eCommerceCOVID19report-1-1220x675px-300x169.jpg 300w, https:\/\/maxtoweb.com.tr\/wp-content\/uploads\/2024\/01\/2021-03-15_eCommerceCOVID19report-1-1220x675px-768x432.jpg 768w, https:\/\/maxtoweb.com.tr\/wp-content\/uploads\/2024\/01\/2021-03-15_eCommerceCOVID19report-1-1220x675px-570x320.jpg 570w, https:\/\/maxtoweb.com.tr\/wp-content\/uploads\/2024\/01\/2021-03-15_eCommerceCOVID19report-1-1220x675px.jpg 1200w\" sizes=\"(max-width: 1024px) 100vw, 1024px\" \/>\t\t\t\t\t\t\t\t\t\t\t\t\t\t\t<\/div>\n\t\t\t\t<\/div>\n\t\t\t\t<div class=\"elementor-element elementor-element-55f506e elementor-widget elementor-widget-image\" data-id=\"55f506e\" data-element_type=\"widget\" data-e-type=\"widget\" data-widget_type=\"image.default\">\n\t\t\t\t<div class=\"elementor-widget-container\">\n\t\t\t\t\t\t\t\t\t\t\t\t\t\t\t<img decoding=\"async\" width=\"140\" height=\"140\" src=\"https:\/\/maxtoweb.com.tr\/wp-content\/uploads\/2024\/01\/responsive-small-animation-dark_150.gif\" class=\"attachment-large size-large wp-image-1259\" alt=\"\" \/>\t\t\t\t\t\t\t\t\t\t\t\t\t\t\t<\/div>\n\t\t\t\t<\/div>\n\t\t\t\t<\/div>\n\t\t\t\t\t<\/div>\n\t\t\t\t<\/div>\n\t\t\t\t<\/div>\n\t\t","protected":false},"excerpt":{"rendered":"<p>\u00a0 \u00a0 \u00a0Maxtoweb olarak \u015fu an g\u00fcncel en iyi sistem olan WORDPRESS ve WOOCOMMERCE sistemiyle siz m\u00fc\u015fterilerimize hizmetimizi sunmaktay\u0131z.\u00a0 \u00a0 \u00a0Her ne kadar sistemi beceremeyenler taraf\u0131ndan k\u00f6t\u00fclensede,basit olarak sunulsada \u015fu [&hellip;]<\/p>\n","protected":false},"author":1,"featured_media":0,"parent":0,"menu_order":0,"comment_status":"closed","ping_status":"closed","template":"","meta":{"footnotes":""},"class_list":["post-1299","page","type-page","status-publish","hentry","rishi-post","no-post-thumbnail"],"rishi__cb_customizer_meta":"","_links":{"self":[{"href":"https:\/\/maxtoweb.com.tr\/index.php?rest_route=\/wp\/v2\/pages\/1299","targetHints":{"allow":["GET"]}}],"collection":[{"href":"https:\/\/maxtoweb.com.tr\/index.php?rest_route=\/wp\/v2\/pages"}],"about":[{"href":"https:\/\/maxtoweb.com.tr\/index.php?rest_route=\/wp\/v2\/types\/page"}],"author":[{"embeddable":true,"href":"https:\/\/maxtoweb.com.tr\/index.php?rest_route=\/wp\/v2\/users\/1"}],"replies":[{"embeddable":true,"href":"https:\/\/maxtoweb.com.tr\/index.php?rest_route=%2Fwp%2Fv2%2Fcomments&post=1299"}],"version-history":[{"count":11,"href":"https:\/\/maxtoweb.com.tr\/index.php?rest_route=\/wp\/v2\/pages\/1299\/revisions"}],"predecessor-version":[{"id":1323,"href":"https:\/\/maxtoweb.com.tr\/index.php?rest_route=\/wp\/v2\/pages\/1299\/revisions\/1323"}],"wp:attachment":[{"href":"https:\/\/maxtoweb.com.tr\/index.php?rest_route=%2Fwp%2Fv2%2Fmedia&parent=1299"}],"curies":[{"name":"wp","href":"https:\/\/api.w.org\/{rel}","templated":true}]}}