{"id":1661,"date":"2025-08-26T21:48:16","date_gmt":"2025-08-26T21:48:16","guid":{"rendered":"https:\/\/maxtoweb.com.tr\/?page_id=1661"},"modified":"2025-11-20T19:58:58","modified_gmt":"2025-11-20T19:58:58","slug":"kartvizit","status":"publish","type":"page","link":"https:\/\/maxtoweb.com.tr\/?page_id=1661","title":{"rendered":"kartvizit"},"content":{"rendered":"\t\t<div data-elementor-type=\"wp-page\" data-elementor-id=\"1661\" class=\"elementor elementor-1661\">\n\t\t\t\t<div class=\"elementor-element elementor-element-f191a35 e-con-full e-flex e-con e-parent\" data-id=\"f191a35\" data-element_type=\"container\" data-e-type=\"container\" data-settings=\"{&quot;background_background&quot;:&quot;gradient&quot;}\">\n\t\t<div class=\"elementor-element elementor-element-59caa51 e-flex e-con-boxed e-con e-child\" data-id=\"59caa51\" data-element_type=\"container\" data-e-type=\"container\" data-settings=\"{&quot;background_background&quot;:&quot;gradient&quot;}\">\n\t\t\t\t\t<div class=\"e-con-inner\">\n\t\t\t\t<div class=\"elementor-element elementor-element-960bee5 elementor-widget elementor-widget-image\" data-id=\"960bee5\" data-element_type=\"widget\" data-e-type=\"widget\" data-widget_type=\"image.default\">\n\t\t\t\t<div class=\"elementor-widget-container\">\n\t\t\t\t\t\t\t\t\t\t\t\t\t\t\t<img fetchpriority=\"high\" decoding=\"async\" width=\"1080\" height=\"1350\" src=\"https:\/\/maxtoweb.com.tr\/wp-content\/uploads\/2025\/08\/levent-unal-web-designer-1.jpg\" class=\"attachment-full size-full wp-image-1683\" alt=\"\" srcset=\"https:\/\/maxtoweb.com.tr\/wp-content\/uploads\/2025\/08\/levent-unal-web-designer-1.jpg 1080w, https:\/\/maxtoweb.com.tr\/wp-content\/uploads\/2025\/08\/levent-unal-web-designer-1-768x960.jpg 768w\" sizes=\"(max-width: 1080px) 100vw, 1080px\" \/>\t\t\t\t\t\t\t\t\t\t\t\t\t\t\t<\/div>\n\t\t\t\t<\/div>\n\t\t\t\t\t<\/div>\n\t\t\t\t<\/div>\n\t\t\t\t<\/div>\n\t\t<div class=\"elementor-element elementor-element-7fde50a e-flex e-con-boxed e-con e-parent\" data-id=\"7fde50a\" data-element_type=\"container\" data-e-type=\"container\" data-settings=\"{&quot;background_background&quot;:&quot;gradient&quot;}\">\n\t\t\t\t\t<div class=\"e-con-inner\">\n\t\t\t\t<div class=\"elementor-element elementor-element-7b2c03e elementor-invisible elementor-widget elementor-widget-otc_elementor_widget\" data-id=\"7b2c03e\" data-element_type=\"widget\" data-e-type=\"widget\" data-settings=\"{&quot;_animation&quot;:&quot;fadeInUp&quot;}\" data-widget_type=\"otc_elementor_widget.default\">\n\t\t\t\t<div class=\"elementor-widget-container\">\n\t\t\t\t\t<button type=\"button\" id=\"otc_btn_971b0af2-a29f-4f84-9551-4f81a994b6ed\" class=\"elementor-button elementor-size-md\">Rehbere Ekle<\/button>        <script>\n        (function(){\n            if (!window.__otc_init) {\n                window.__otc_init = true;\n\n                window.__otc_buildVcard = function(payload){\n                    const CRLF = \"\\r\\n\";\n                    const esc = s => (s||\"\")\n                        .toString()\n                        .replace(\/\\n\/g, \"\\\\n\")\n                        .replace(\/\\r\/g, \"\")\n                        .replace(\/;\/g, '\\\\;')\n                        .replace(\/,\/g, '\\\\,');\n\n                    let lines = [];\n                    lines.push('BEGIN:VCARD');\n                    lines.push('VERSION:3.0');\n\n                    const company = esc(payload.company);\n                    const name    = esc(payload.name || payload.company);\n                    const phone   = esc(payload.phone);\n                    const email   = esc(payload.email);\n                    const website = esc(payload.website);\n\n                    lines.push('N:;' + name + ';;;');\n                    lines.push('FN:' + name);\n                    if (company) lines.push('ORG:' + company);\n                    if (phone)   lines.push('TEL;TYPE=CELL,VOICE:' + phone);\n                    if (email)   lines.push('EMAIL;TYPE=INTERNET:' + email);\n                    if (website) lines.push('URL:' + website);\n\n                    lines.push('END:VCARD');\n                    return lines.join(CRLF) + CRLF;\n                };\n\n                window.__otc_downloadVcard = function(filename, text){\n                    const blob = new Blob([text], { type: 'text\/vcard' });\n                    const url  = URL.createObjectURL(blob);\n                    const a    = document.createElement('a');\n                    a.href = url;\n                    a.download = filename;\n                    a.style.display = 'none';\n                    document.body.appendChild(a);\n                    a.click();\n                    setTimeout(function(){\n                        URL.revokeObjectURL(url);\n                        document.body.removeChild(a);\n                    }, 1000);\n                };\n            }\n\n            var btn = document.getElementById('otc_btn_971b0af2-a29f-4f84-9551-4f81a994b6ed');\n            if (btn && !btn.__otc_bound) {\n                btn.__otc_bound = true;\n                const payload = {\"company\":\"Levent \\u00fcnal  WEB DESIGN\",\"name\":\"Levent \\u00dcnal\",\"phone\":\"+905428296988\",\"email\":\"info@levent-unal.com.tr\",\"website\":\"maxtoweb.com.tr - levent-unal.com.tr\"};\n                const filenameSafe = (payload.company || payload.name || 'contact').replace(\/[^a-z0-9\\-_]+\/gi,'_');\n\n                btn.addEventListener('click', function(){\n                    const vcf = window.__otc_buildVcard(payload);\n                    window.__otc_downloadVcard(filenameSafe + '.vcf', vcf);\n                });\n            }\n        })();\n        <\/script>\n        \t\t\t\t<\/div>\n\t\t\t\t<\/div>\n\t\t\t\t<div class=\"elementor-element elementor-element-bbc99c3 elementor-invisible elementor-widget elementor-widget-text-editor\" data-id=\"bbc99c3\" data-element_type=\"widget\" data-e-type=\"widget\" data-settings=\"{&quot;_animation&quot;:&quot;fadeInLeft&quot;}\" data-widget_type=\"text-editor.default\">\n\t\t\t\t<div class=\"elementor-widget-container\">\n\t\t\t\t\t\t\t\t\t<p><a href=\"https:\/\/levent-unal.com.tr\">https:\/\/levent-unal.com.tr<\/a><\/p>\t\t\t\t\t\t\t\t<\/div>\n\t\t\t\t<\/div>\n\t\t\t\t<div class=\"elementor-element elementor-element-bf54b19 elementor-invisible elementor-widget elementor-widget-text-editor\" data-id=\"bf54b19\" data-element_type=\"widget\" data-e-type=\"widget\" data-settings=\"{&quot;_animation&quot;:&quot;fadeInRight&quot;}\" data-widget_type=\"text-editor.default\">\n\t\t\t\t<div class=\"elementor-widget-container\">\n\t\t\t\t\t\t\t\t\t<p><a href=\"https:\/\/maxtoweb.com.tr\">https:\/\/maxtoweb.com.tr<\/a><\/p>\t\t\t\t\t\t\t\t<\/div>\n\t\t\t\t<\/div>\n\t\t\t\t\t<\/div>\n\t\t\t\t<\/div>\n\t\t<div class=\"elementor-element elementor-element-61d43c9 e-flex e-con-boxed e-con e-parent\" data-id=\"61d43c9\" data-element_type=\"container\" data-e-type=\"container\" data-settings=\"{&quot;background_background&quot;:&quot;classic&quot;}\">\n\t\t\t\t\t<div class=\"e-con-inner\">\n\t\t<div class=\"elementor-element elementor-element-1ebfccb e-con-full e-flex e-con e-child\" data-id=\"1ebfccb\" data-element_type=\"container\" data-e-type=\"container\">\n\t\t\t\t<\/div>\n\t\t<div class=\"elementor-element elementor-element-cf9586a e-flex e-con-boxed e-con e-child\" data-id=\"cf9586a\" data-element_type=\"container\" data-e-type=\"container\">\n\t\t\t\t\t<div class=\"e-con-inner\">\n\t\t<div class=\"elementor-element elementor-element-0ea1a1e e-con-full e-flex e-con e-child\" data-id=\"0ea1a1e\" data-element_type=\"container\" data-e-type=\"container\">\n\t\t\t\t<div class=\"elementor-element elementor-element-851f979 elementor-align-left elementor-widget elementor-widget-button\" data-id=\"851f979\" data-element_type=\"widget\" data-e-type=\"widget\" data-widget_type=\"button.default\">\n\t\t\t\t<div class=\"elementor-widget-container\">\n\t\t\t\t\t\t\t\t\t<div class=\"elementor-button-wrapper\">\n\t\t\t\t\t<a class=\"elementor-button elementor-button-link elementor-size-sm\" href=\"https:\/\/demo3.maxtoweb.com.tr\/%20%20%20%20%20%20%20%20\">\n\t\t\t\t\t\t<span class=\"elementor-button-content-wrapper\">\n\t\t\t\t\t\t\t\t\t<span class=\"elementor-button-text\">MODA Demo1<\/span>\n\t\t\t\t\t<\/span>\n\t\t\t\t\t<\/a>\n\t\t\t\t<\/div>\n\t\t\t\t\t\t\t\t<\/div>\n\t\t\t\t<\/div>\n\t\t\t\t<div class=\"elementor-element elementor-element-9a1b23c elementor-align-left elementor-widget elementor-widget-button\" data-id=\"9a1b23c\" data-element_type=\"widget\" data-e-type=\"widget\" data-widget_type=\"button.default\">\n\t\t\t\t<div class=\"elementor-widget-container\">\n\t\t\t\t\t\t\t\t\t<div class=\"elementor-button-wrapper\">\n\t\t\t\t\t<a class=\"elementor-button elementor-button-link elementor-size-sm\" href=\"https:\/\/levent-unal.com.tr\/PRINCES\/%20%20%20%20%20%20%20%20%20%20%20%20%20%20\">\n\t\t\t\t\t\t<span class=\"elementor-button-content-wrapper\">\n\t\t\t\t\t\t\t\t\t<span class=\"elementor-button-text\">MODA Demo2<\/span>\n\t\t\t\t\t<\/span>\n\t\t\t\t\t<\/a>\n\t\t\t\t<\/div>\n\t\t\t\t\t\t\t\t<\/div>\n\t\t\t\t<\/div>\n\t\t\t\t<div class=\"elementor-element elementor-element-dd097b0 elementor-align-left elementor-widget elementor-widget-button\" data-id=\"dd097b0\" data-element_type=\"widget\" data-e-type=\"widget\" data-widget_type=\"button.default\">\n\t\t\t\t<div class=\"elementor-widget-container\">\n\t\t\t\t\t\t\t\t\t<div class=\"elementor-button-wrapper\">\n\t\t\t\t\t<a class=\"elementor-button elementor-button-link elementor-size-sm\" href=\"https:\/\/levent-unal.com.tr\/cicekcidemo\/%20%20%20%20%20%20%20\">\n\t\t\t\t\t\t<span class=\"elementor-button-content-wrapper\">\n\t\t\t\t\t\t\t\t\t<span class=\"elementor-button-text\">\u00c7i\u00e7ek\u00e7i Demo<\/span>\n\t\t\t\t\t<\/span>\n\t\t\t\t\t<\/a>\n\t\t\t\t<\/div>\n\t\t\t\t\t\t\t\t<\/div>\n\t\t\t\t<\/div>\n\t\t\t\t<div class=\"elementor-element elementor-element-bf45b16 elementor-align-left elementor-widget elementor-widget-button\" data-id=\"bf45b16\" data-element_type=\"widget\" data-e-type=\"widget\" data-widget_type=\"button.default\">\n\t\t\t\t<div class=\"elementor-widget-container\">\n\t\t\t\t\t\t\t\t\t<div class=\"elementor-button-wrapper\">\n\t\t\t\t\t<a class=\"elementor-button elementor-button-link elementor-size-sm\" href=\"https:\/\/yoreselpazariniz.com.tr\/%20%20%20%20%20%20\">\n\t\t\t\t\t\t<span class=\"elementor-button-content-wrapper\">\n\t\t\t\t\t\t\t\t\t<span class=\"elementor-button-text\">Organik Demo<\/span>\n\t\t\t\t\t<\/span>\n\t\t\t\t\t<\/a>\n\t\t\t\t<\/div>\n\t\t\t\t\t\t\t\t<\/div>\n\t\t\t\t<\/div>\n\t\t\t\t<\/div>\n\t\t\t\t\t<\/div>\n\t\t\t\t<\/div>\n\t\t\t\t\t<\/div>\n\t\t\t\t<\/div>\n\t\t\t\t<\/div>\n\t\t","protected":false},"excerpt":{"rendered":"<p>Rehbere Ekle https:\/\/levent-unal.com.tr https:\/\/maxtoweb.com.tr MODA Demo1 MODA Demo2 \u00c7i\u00e7ek\u00e7i Demo Organik Demo<\/p>\n","protected":false},"author":1,"featured_media":0,"parent":0,"menu_order":0,"comment_status":"closed","ping_status":"closed","template":"elementor_canvas","meta":{"footnotes":""},"class_list":["post-1661","page","type-page","status-publish","hentry","rishi-post","no-post-thumbnail"],"rishi__cb_customizer_meta":"","_links":{"self":[{"href":"https:\/\/maxtoweb.com.tr\/index.php?rest_route=\/wp\/v2\/pages\/1661","targetHints":{"allow":["GET"]}}],"collection":[{"href":"https:\/\/maxtoweb.com.tr\/index.php?rest_route=\/wp\/v2\/pages"}],"about":[{"href":"https:\/\/maxtoweb.com.tr\/index.php?rest_route=\/wp\/v2\/types\/page"}],"author":[{"embeddable":true,"href":"https:\/\/maxtoweb.com.tr\/index.php?rest_route=\/wp\/v2\/users\/1"}],"replies":[{"embeddable":true,"href":"https:\/\/maxtoweb.com.tr\/index.php?rest_route=%2Fwp%2Fv2%2Fcomments&post=1661"}],"version-history":[{"count":31,"href":"https:\/\/maxtoweb.com.tr\/index.php?rest_route=\/wp\/v2\/pages\/1661\/revisions"}],"predecessor-version":[{"id":1711,"href":"https:\/\/maxtoweb.com.tr\/index.php?rest_route=\/wp\/v2\/pages\/1661\/revisions\/1711"}],"wp:attachment":[{"href":"https:\/\/maxtoweb.com.tr\/index.php?rest_route=%2Fwp%2Fv2%2Fmedia&parent=1661"}],"curies":[{"name":"wp","href":"https:\/\/api.w.org\/{rel}","templated":true}]}}